{"id":36,"date":"2017-08-09T10:14:29","date_gmt":"2017-08-09T10:14:29","guid":{"rendered":"http:\/\/academia-accionsinapsis.es\/academia\/?page_id=36"},"modified":"2018-10-03T19:07:23","modified_gmt":"2018-10-03T19:07:23","slug":"material-orientaciones-padres-y-familias","status":"publish","type":"page","link":"https:\/\/academia-accionsinapsis.es\/academia\/material-orientaciones-padres-y-familias\/","title":{"rendered":"Material Did\u00e1ctico y Orientaciones para Padres y Familias"},"content":{"rendered":"<h2><strong>Sobre el estudio<\/strong><\/h2>\n<ul>\n<li>\n<h4>El estudio y sus factores:<\/h4>\n<\/li>\n<\/ul>\n<p><a href=\"https:\/\/academia-accionsinapsis.es\/academia\/wp-content\/uploads\/2016\/07\/Factores-que-influyen-en-el-estudio.pdf\">Factores que influyen en el estudio<\/a><\/p>\n<ul>\n<li>\n<h4>H\u00e1bitos de estudio para los estudiantes y c\u00f3mo los padres y madres pueden ayudar:<\/h4>\n<\/li>\n<\/ul>\n<p><a href=\"https:\/\/academia-accionsinapsis.es\/academia\/wp-content\/uploads\/2017\/08\/H\u00e1bitos-de-estudio-para-el-ESTUDIANTE.pdf\">H\u00e1bitos de estudio para el ESTUDIANTE<\/a><\/p>\n<p><a href=\"https:\/\/academia-accionsinapsis.es\/academia\/wp-content\/uploads\/2017\/08\/Habitos-estudio-PADRES.pdf\">Habitos estudio PADRES<\/a><\/p>\n<p>&nbsp;<\/p>\n<p>______________________________________________________________________________________________________<\/p>\n<h2><strong>Sobre la motivaci\u00f3n y sus elementos<\/strong><\/h2>\n<ul>\n<li>\n<h4>Qu\u00e9 es la motivaci\u00f3n y qu\u00e9 elementos la componen e influyen en ella:<\/h4>\n<\/li>\n<\/ul>\n<p><a href=\"https:\/\/academia-accionsinapsis.es\/academia\/wp-content\/uploads\/2017\/08\/Motivaci\u00f3n.pdf\">Motivaci\u00f3n<\/a><\/p>\n","protected":false},"excerpt":{"rendered":"<p>Sobre el estudio El estudio y sus factores: Factores que influyen en el estudio H\u00e1bitos de estudio para los estudiantes y c\u00f3mo los padres y madres pueden ayudar: H\u00e1bitos de estudio para el ESTUDIANTE Habitos estudio PADRES &nbsp; ______________________________________________________________________________________________________ Sobre la motivaci\u00f3n y sus elementos Qu\u00e9 es la motivaci\u00f3n y qu\u00e9 elementos la componen e [&hellip;]<\/p>\n","protected":false},"author":2,"featured_media":0,"parent":0,"menu_order":0,"comment_status":"closed","ping_status":"closed","template":"","meta":[],"yoast_head":"<!-- This site is optimized with the Yoast SEO plugin v15.3 - https:\/\/yoast.com\/wordpress\/plugins\/seo\/ -->\n<meta name=\"robots\" content=\"index, follow, max-snippet:-1, max-image-preview:large, max-video-preview:-1\" \/>\n<link rel=\"canonical\" href=\"https:\/\/academia-accionsinapsis.es\/academia\/material-orientaciones-padres-y-familias\/\" \/>\n<meta property=\"og:locale\" content=\"es_ES\" \/>\n<meta property=\"og:type\" content=\"article\" \/>\n<meta property=\"og:title\" content=\"Material Did\u00e1ctico y Orientaciones para Padres y Familias - Material Academia Acci\u00f3n Sinapsis\" \/>\n<meta property=\"og:description\" content=\"Sobre el estudio El estudio y sus factores: Factores que influyen en el estudio H\u00e1bitos de estudio para los estudiantes y c\u00f3mo los padres y madres pueden ayudar: H\u00e1bitos de estudio para el ESTUDIANTE Habitos estudio PADRES &nbsp; ______________________________________________________________________________________________________ Sobre la motivaci\u00f3n y sus elementos Qu\u00e9 es la motivaci\u00f3n y qu\u00e9 elementos la componen e [&hellip;]\" \/>\n<meta property=\"og:url\" content=\"https:\/\/academia-accionsinapsis.es\/academia\/material-orientaciones-padres-y-familias\/\" \/>\n<meta property=\"og:site_name\" content=\"Material Academia Acci\u00f3n Sinapsis\" \/>\n<meta property=\"article:modified_time\" content=\"2018-10-03T19:07:23+00:00\" \/>\n<meta name=\"twitter:card\" content=\"summary\" \/>\n<meta name=\"twitter:label1\" content=\"Escrito por\">\n\t<meta name=\"twitter:data1\" content=\"Academia Acci\u00f3n Sinapsis\">\n\t<meta name=\"twitter:label2\" content=\"Tiempo de lectura\">\n\t<meta name=\"twitter:data2\" content=\"0 minutos\">\n<script type=\"application\/ld+json\" class=\"yoast-schema-graph\">{\"@context\":\"https:\/\/schema.org\",\"@graph\":[{\"@type\":\"WebSite\",\"@id\":\"https:\/\/academia-accionsinapsis.es\/academia\/#website\",\"url\":\"https:\/\/academia-accionsinapsis.es\/academia\/\",\"name\":\"Material Academia Acci\\u00f3n Sinapsis\",\"description\":\"Otro sitio realizado con WordPress\",\"potentialAction\":[{\"@type\":\"SearchAction\",\"target\":\"https:\/\/academia-accionsinapsis.es\/academia\/?s={search_term_string}\",\"query-input\":\"required name=search_term_string\"}],\"inLanguage\":\"es\"},{\"@type\":\"WebPage\",\"@id\":\"https:\/\/academia-accionsinapsis.es\/academia\/material-orientaciones-padres-y-familias\/#webpage\",\"url\":\"https:\/\/academia-accionsinapsis.es\/academia\/material-orientaciones-padres-y-familias\/\",\"name\":\"Material Did\\u00e1ctico y Orientaciones para Padres y Familias - Material Academia Acci\\u00f3n Sinapsis\",\"isPartOf\":{\"@id\":\"https:\/\/academia-accionsinapsis.es\/academia\/#website\"},\"datePublished\":\"2017-08-09T10:14:29+00:00\",\"dateModified\":\"2018-10-03T19:07:23+00:00\",\"inLanguage\":\"es\",\"potentialAction\":[{\"@type\":\"ReadAction\",\"target\":[\"https:\/\/academia-accionsinapsis.es\/academia\/material-orientaciones-padres-y-familias\/\"]}]}]}<\/script>\n<!-- \/ Yoast SEO plugin. -->","_links":{"self":[{"href":"https:\/\/academia-accionsinapsis.es\/academia\/wp-json\/wp\/v2\/pages\/36"}],"collection":[{"href":"https:\/\/academia-accionsinapsis.es\/academia\/wp-json\/wp\/v2\/pages"}],"about":[{"href":"https:\/\/academia-accionsinapsis.es\/academia\/wp-json\/wp\/v2\/types\/page"}],"author":[{"embeddable":true,"href":"https:\/\/academia-accionsinapsis.es\/academia\/wp-json\/wp\/v2\/users\/2"}],"replies":[{"embeddable":true,"href":"https:\/\/academia-accionsinapsis.es\/academia\/wp-json\/wp\/v2\/comments?post=36"}],"version-history":[{"count":9,"href":"https:\/\/academia-accionsinapsis.es\/academia\/wp-json\/wp\/v2\/pages\/36\/revisions"}],"predecessor-version":[{"id":212,"href":"https:\/\/academia-accionsinapsis.es\/academia\/wp-json\/wp\/v2\/pages\/36\/revisions\/212"}],"wp:attachment":[{"href":"https:\/\/academia-accionsinapsis.es\/academia\/wp-json\/wp\/v2\/media?parent=36"}],"curies":[{"name":"wp","href":"https:\/\/api.w.org\/{rel}","templated":true}]}}