{"id":28,"date":"2017-08-09T10:05:16","date_gmt":"2017-08-09T10:05:16","guid":{"rendered":"http:\/\/academia-accionsinapsis.es\/academia\/?page_id=28"},"modified":"2018-10-01T10:49:15","modified_gmt":"2018-10-01T10:49:15","slug":"material-didactico-eso-2ciclo","status":"publish","type":"page","link":"https:\/\/academia-accionsinapsis.es\/academia\/material-didactico-eso-2ciclo\/","title":{"rendered":"Material Did\u00e1ctico E.S.O.  \u2013  2 ciclo (3\u00ba y 4\u00ba)"},"content":{"rendered":"<ul class=\"plan plan1\">\n<li class=\"plan-name\">\n<h3>Matem\u00e1ticas<\/h3>\n<\/li>\n<li>Documento 1<\/li>\n<li>Documento 2<\/li>\n<\/ul>\n<div class=\"clearfix\">\n<hr \/>\n<\/div>\n<ul class=\"plan plan1\">\n<li class=\"plan-name\">\n<h3>F\u00edsica y Qu\u00edmica<\/h3>\n<\/li>\n<li>Documento 1<\/li>\n<li>Documento 2<\/li>\n<\/ul>\n<div class=\"clearfix\">\n<hr \/>\n<\/div>\n<ul class=\"plan plan1\">\n<li class=\"plan-name\">\n<h3>Tecnolog\u00eda<\/h3>\n<\/li>\n<li>Documento 1<\/li>\n<li>Documento 2<\/li>\n<\/ul>\n<div class=\"clearfix\">\n<hr \/>\n<\/div>\n<ul class=\"plan plan1\">\n<li class=\"plan-name\">\n<h3>Lengua y literatura<\/h3>\n<\/li>\n<li><a href=\"https:\/\/academia-accionsinapsis.es\/academia\/wp-content\/uploads\/2017\/08\/FIGURAS-LITERARIAS-2\u00ba-ciclo-ESO.pdf\">Figuras literarias<\/a><\/li>\n<\/ul>\n<div class=\"clearfix\">\n<hr \/>\n<\/div>\n<ul class=\"plan plan1\">\n<li class=\"plan-name\">\n<h3>Ingl\u00e9s<\/h3>\n<\/li>\n<li class=\"plan-name\"><a href=\"https:\/\/academia-accionsinapsis.es\/academia\/wp-content\/uploads\/2017\/08\/1st-conditional-teoria-2\u00ba-ciclo-ESO.jpg\">1st Conditional grammar<\/a><\/li>\n<li>Documento 2<\/li>\n<\/ul>\n","protected":false},"excerpt":{"rendered":"<p>Matem\u00e1ticas Documento 1 Documento 2 F\u00edsica y Qu\u00edmica Documento 1 Documento 2 Tecnolog\u00eda Documento 1 Documento 2 Lengua y literatura Figuras literarias Ingl\u00e9s 1st Conditional grammar Documento 2<\/p>\n","protected":false},"author":2,"featured_media":0,"parent":0,"menu_order":0,"comment_status":"closed","ping_status":"closed","template":"","meta":[],"yoast_head":"<!-- This site is optimized with the Yoast SEO plugin v15.3 - https:\/\/yoast.com\/wordpress\/plugins\/seo\/ -->\n<meta name=\"robots\" content=\"index, follow, max-snippet:-1, max-image-preview:large, max-video-preview:-1\" \/>\n<link rel=\"canonical\" href=\"https:\/\/academia-accionsinapsis.es\/academia\/material-didactico-eso-2ciclo\/\" \/>\n<meta property=\"og:locale\" content=\"es_ES\" \/>\n<meta property=\"og:type\" content=\"article\" \/>\n<meta property=\"og:title\" content=\"Material Did\u00e1ctico E.S.O. \u2013 2 ciclo (3\u00ba y 4\u00ba) - Material Academia Acci\u00f3n Sinapsis\" \/>\n<meta property=\"og:description\" content=\"Matem\u00e1ticas Documento 1 Documento 2 F\u00edsica y Qu\u00edmica Documento 1 Documento 2 Tecnolog\u00eda Documento 1 Documento 2 Lengua y literatura Figuras literarias Ingl\u00e9s 1st Conditional grammar Documento 2\" \/>\n<meta property=\"og:url\" content=\"https:\/\/academia-accionsinapsis.es\/academia\/material-didactico-eso-2ciclo\/\" \/>\n<meta property=\"og:site_name\" content=\"Material Academia Acci\u00f3n Sinapsis\" \/>\n<meta property=\"article:modified_time\" content=\"2018-10-01T10:49:15+00:00\" \/>\n<meta name=\"twitter:card\" content=\"summary\" \/>\n<meta name=\"twitter:label1\" content=\"Escrito por\">\n\t<meta name=\"twitter:data1\" content=\"Academia Acci\u00f3n Sinapsis\">\n\t<meta name=\"twitter:label2\" content=\"Tiempo de lectura\">\n\t<meta name=\"twitter:data2\" content=\"0 minutos\">\n<script type=\"application\/ld+json\" class=\"yoast-schema-graph\">{\"@context\":\"https:\/\/schema.org\",\"@graph\":[{\"@type\":\"WebSite\",\"@id\":\"https:\/\/academia-accionsinapsis.es\/academia\/#website\",\"url\":\"https:\/\/academia-accionsinapsis.es\/academia\/\",\"name\":\"Material Academia Acci\\u00f3n Sinapsis\",\"description\":\"Otro sitio realizado con WordPress\",\"potentialAction\":[{\"@type\":\"SearchAction\",\"target\":\"https:\/\/academia-accionsinapsis.es\/academia\/?s={search_term_string}\",\"query-input\":\"required name=search_term_string\"}],\"inLanguage\":\"es\"},{\"@type\":\"WebPage\",\"@id\":\"https:\/\/academia-accionsinapsis.es\/academia\/material-didactico-eso-2ciclo\/#webpage\",\"url\":\"https:\/\/academia-accionsinapsis.es\/academia\/material-didactico-eso-2ciclo\/\",\"name\":\"Material Did\\u00e1ctico E.S.O. \\u2013 2 ciclo (3\\u00ba y 4\\u00ba) - Material Academia Acci\\u00f3n Sinapsis\",\"isPartOf\":{\"@id\":\"https:\/\/academia-accionsinapsis.es\/academia\/#website\"},\"datePublished\":\"2017-08-09T10:05:16+00:00\",\"dateModified\":\"2018-10-01T10:49:15+00:00\",\"inLanguage\":\"es\",\"potentialAction\":[{\"@type\":\"ReadAction\",\"target\":[\"https:\/\/academia-accionsinapsis.es\/academia\/material-didactico-eso-2ciclo\/\"]}]}]}<\/script>\n<!-- \/ Yoast SEO plugin. -->","_links":{"self":[{"href":"https:\/\/academia-accionsinapsis.es\/academia\/wp-json\/wp\/v2\/pages\/28"}],"collection":[{"href":"https:\/\/academia-accionsinapsis.es\/academia\/wp-json\/wp\/v2\/pages"}],"about":[{"href":"https:\/\/academia-accionsinapsis.es\/academia\/wp-json\/wp\/v2\/types\/page"}],"author":[{"embeddable":true,"href":"https:\/\/academia-accionsinapsis.es\/academia\/wp-json\/wp\/v2\/users\/2"}],"replies":[{"embeddable":true,"href":"https:\/\/academia-accionsinapsis.es\/academia\/wp-json\/wp\/v2\/comments?post=28"}],"version-history":[{"count":6,"href":"https:\/\/academia-accionsinapsis.es\/academia\/wp-json\/wp\/v2\/pages\/28\/revisions"}],"predecessor-version":[{"id":200,"href":"https:\/\/academia-accionsinapsis.es\/academia\/wp-json\/wp\/v2\/pages\/28\/revisions\/200"}],"wp:attachment":[{"href":"https:\/\/academia-accionsinapsis.es\/academia\/wp-json\/wp\/v2\/media?parent=28"}],"curies":[{"name":"wp","href":"https:\/\/api.w.org\/{rel}","templated":true}]}}